{"id":3182,"date":"2026-01-08T11:32:08","date_gmt":"2026-01-08T11:32:08","guid":{"rendered":"https:\/\/flowercornerbudapest.com\/?page_id=3182"},"modified":"2026-01-20T21:02:39","modified_gmt":"2026-01-20T21:02:39","slug":"floeve","status":"publish","type":"page","link":"https:\/\/flowercornerbudapest.com\/en\/floeve\/","title":{"rendered":"Floeve"},"content":{"rendered":"<div data-elementor-type=\"wp-page\" data-elementor-id=\"3182\" class=\"elementor elementor-3182\" data-elementor-post-type=\"page\">\n\t\t\t\t<div class=\"elementor-element elementor-element-90c9b71 e-con-full e-flex e-con e-parent\" data-id=\"90c9b71\" data-element_type=\"container\" data-e-type=\"container\" data-settings=\"{&quot;background_background&quot;:&quot;classic&quot;}\">\n\t\t\t\t<\/div>\n\t\t<div class=\"elementor-element elementor-element-e6e7766 e-con-full elementor-hidden-mobile e-flex e-con e-parent\" data-id=\"e6e7766\" data-element_type=\"container\" data-e-type=\"container\" data-settings=\"{&quot;background_background&quot;:&quot;classic&quot;}\">\n\t\t<div class=\"elementor-element elementor-element-fb76c6e e-con-full e-flex e-con e-child\" data-id=\"fb76c6e\" data-element_type=\"container\" data-e-type=\"container\">\n\t\t\t\t<\/div>\n\t\t<div class=\"elementor-element elementor-element-88a22da e-con-full e-flex e-con e-child\" data-id=\"88a22da\" data-element_type=\"container\" data-e-type=\"container\" data-settings=\"{&quot;background_background&quot;:&quot;classic&quot;}\">\n\t\t\t\t<div class=\"elementor-element elementor-element-bb1ff20 elementor-widget elementor-widget-heading\" data-id=\"bb1ff20\" data-element_type=\"widget\" data-e-type=\"widget\" data-widget_type=\"heading.default\">\n\t\t\t\t\t<h2 class=\"elementor-heading-title elementor-size-default\">Magas sz\u00ednvonal\u00fa rendezv\u00e9nyszervez\u00e9s<\/h2>\t\t\t\t<\/div>\n\t\t\t\t<div class=\"elementor-element elementor-element-19b3a0c elementor-widget elementor-widget-text-editor\" data-id=\"19b3a0c\" data-element_type=\"widget\" data-e-type=\"widget\" data-widget_type=\"text-editor.default\">\n\t\t\t\t\t\t\t\t\t<ul data-start=\"765\" data-end=\"937\"><li data-start=\"765\" data-end=\"816\"><p data-start=\"767\" data-end=\"816\">Teljes k\u00f6r\u0171 szervez\u00e9s a helysz\u00ednt\u0151l a programig<\/p><\/li><li data-start=\"817\" data-end=\"849\"><p data-start=\"819\" data-end=\"849\">Kreat\u00edv \u00e9s egyedi koncepci\u00f3k<\/p><\/li><li data-start=\"850\" data-end=\"887\"><p data-start=\"852\" data-end=\"887\">Stresszmentes, profi lebonyol\u00edt\u00e1s<\/p><\/li><li data-start=\"888\" data-end=\"937\"><p data-start=\"890\" data-end=\"937\">Rugalmass\u00e1g \u00e9s szem\u00e9lyre szabott szolg\u00e1ltat\u00e1s<\/p><\/li><\/ul>\t\t\t\t\t\t\t\t<\/div>\n\t\t\t\t<\/div>\n\t\t\t\t<\/div>\n\t\t<div class=\"elementor-element elementor-element-ec43345 e-con-full elementor-hidden-desktop elementor-hidden-tablet e-flex e-con e-parent\" data-id=\"ec43345\" data-element_type=\"container\" data-e-type=\"container\" data-settings=\"{&quot;background_background&quot;:&quot;classic&quot;}\">\n\t\t<div class=\"elementor-element elementor-element-c83f505 e-con-full elementor-hidden-mobile e-flex e-con e-child\" data-id=\"c83f505\" data-element_type=\"container\" data-e-type=\"container\">\n\t\t\t\t<\/div>\n\t\t<div class=\"elementor-element elementor-element-ecf9419 e-con-full e-flex e-con e-child\" data-id=\"ecf9419\" data-element_type=\"container\" data-e-type=\"container\" data-settings=\"{&quot;background_background&quot;:&quot;classic&quot;}\">\n\t\t\t\t<div class=\"elementor-element elementor-element-3846d03 elementor-widget elementor-widget-heading\" data-id=\"3846d03\" data-element_type=\"widget\" data-e-type=\"widget\" data-widget_type=\"heading.default\">\n\t\t\t\t\t<h2 class=\"elementor-heading-title elementor-size-default\">Magas sz\u00ednvonal\u00fa rendezv\u00e9nyszervez\u00e9s<\/h2>\t\t\t\t<\/div>\n\t\t\t\t<div class=\"elementor-element elementor-element-0caffbb elementor-widget elementor-widget-text-editor\" data-id=\"0caffbb\" data-element_type=\"widget\" data-e-type=\"widget\" data-widget_type=\"text-editor.default\">\n\t\t\t\t\t\t\t\t\t<ul data-start=\"765\" data-end=\"937\"><li data-start=\"765\" data-end=\"816\"><p data-start=\"767\" data-end=\"816\">Teljes k\u00f6r\u0171 szervez\u00e9s a helysz\u00ednt\u0151l a programig<\/p><\/li><li data-start=\"817\" data-end=\"849\"><p data-start=\"819\" data-end=\"849\">Kreat\u00edv \u00e9s egyedi koncepci\u00f3k<\/p><\/li><li data-start=\"850\" data-end=\"887\"><p data-start=\"852\" data-end=\"887\">Stresszmentes, profi lebonyol\u00edt\u00e1s<\/p><\/li><li data-start=\"888\" data-end=\"937\"><p data-start=\"890\" data-end=\"937\">Rugalmass\u00e1g \u00e9s szem\u00e9lyre szabott szolg\u00e1ltat\u00e1s<\/p><\/li><\/ul>\t\t\t\t\t\t\t\t<\/div>\n\t\t\t\t<\/div>\n\t\t\t\t<\/div>\n\t\t<div class=\"elementor-element elementor-element-72b8745 e-flex e-con-boxed e-con e-parent\" data-id=\"72b8745\" data-element_type=\"container\" data-e-type=\"container\" data-settings=\"{&quot;background_background&quot;:&quot;classic&quot;}\">\n\t\t\t\t\t<div class=\"e-con-inner\">\n\t\t<div class=\"elementor-element elementor-element-0833e63 e-con-full e-flex e-con e-child\" data-id=\"0833e63\" data-element_type=\"container\" data-e-type=\"container\">\n\t\t\t\t<div class=\"elementor-element elementor-element-b58d701 elementor-widget elementor-widget-text-editor\" data-id=\"b58d701\" data-element_type=\"widget\" data-e-type=\"widget\" data-widget_type=\"text-editor.default\">\n\t\t\t\t\t\t\t\t\t<p>Tedd felejthetetlenn\u00e9 a pillanatot! Professzion\u00e1lis rendezv\u00e9nyszervez\u0151 csapatunk minden r\u00e9szletre gondol, hogy az esem\u00e9nyed z\u00f6kken\u0151mentes, st\u00edlusos \u00e9s eml\u00e9kezetes legyen. Legyen sz\u00f3 c\u00e9ges rendezv\u00e9nyr\u0151l, esk\u00fcv\u0151r\u0151l, sz\u00fclet\u00e9snapi bulir\u00f3l vagy exkluz\u00edv priv\u00e1t esem\u00e9nyr\u0151l \u2013 mi a Te elk\u00e9pzel\u00e9seidre form\u00e1ljuk a val\u00f3s\u00e1got.<\/p>\t\t\t\t\t\t\t\t<\/div>\n\t\t\t\t<\/div>\n\t\t\t\t\t<\/div>\n\t\t\t\t<\/div>\n\t\t<div class=\"elementor-element elementor-element-88f4a21 e-con-full e-flex e-con e-parent\" data-id=\"88f4a21\" data-element_type=\"container\" data-e-type=\"container\">\n\t\t<div class=\"elementor-element elementor-element-8574695 e-con-full e-flex e-con e-child\" data-id=\"8574695\" data-element_type=\"container\" data-e-type=\"container\" data-settings=\"{&quot;background_background&quot;:&quot;classic&quot;}\">\n\t\t\t\t<\/div>\n\t\t<div class=\"elementor-element elementor-element-fd38cd4 e-con-full e-flex e-con e-child\" data-id=\"fd38cd4\" data-element_type=\"container\" data-e-type=\"container\">\n\t\t\t\t<div class=\"elementor-element elementor-element-6d5a2e8 elementor-widget elementor-widget-heading\" data-id=\"6d5a2e8\" data-element_type=\"widget\" data-e-type=\"widget\" data-widget_type=\"heading.default\">\n\t\t\t\t\t<h2 class=\"elementor-heading-title elementor-size-default\">Esk\u00fcv\u0151k \u00e9s eljegyz\u00e9sek<\/h2>\t\t\t\t<\/div>\n\t\t\t\t<div class=\"elementor-element elementor-element-f5306cd elementor-widget elementor-widget-text-editor\" data-id=\"f5306cd\" data-element_type=\"widget\" data-e-type=\"widget\" data-widget_type=\"text-editor.default\">\n\t\t\t\t\t\t\t\t\t<p>Teljes k\u00f6r\u0171 szervez\u00e9st k\u00edn\u00e1lunk a nagy napodra, hogy minden pillanat t\u00f6k\u00e9letes legyen. Seg\u00edt\u00fcnk a helysz\u00edn kiv\u00e1laszt\u00e1s\u00e1ban, a dekor\u00e1ci\u00f3 megtervez\u00e9s\u00e9ben, a fot\u00f3s \u00e9s vide\u00f3s szolg\u00e1ltat\u00e1sok koordin\u00e1l\u00e1s\u00e1ban, valamint a catering \u00e9s a programok megszervez\u00e9s\u00e9ben. Az elk\u00e9pzel\u00e9seidet szem\u00e9lyre szabottan val\u00f3s\u00edtjuk meg, legyen sz\u00f3 eleg\u00e1ns, romantikus, vagy \u00e9pp boh\u00e9m st\u00edlusr\u00f3l \u2013 minden r\u00e9szletben ott vagyunk, hogy stresszmentess\u00e9 tegy\u00fck a napot.<\/p>\t\t\t\t\t\t\t\t<\/div>\n\t\t\t\t<div class=\"elementor-element elementor-element-c716de6 elementor-widget elementor-widget-heading\" data-id=\"c716de6\" data-element_type=\"widget\" data-e-type=\"widget\" data-widget_type=\"heading.default\">\n\t\t\t\t\t<h2 class=\"elementor-heading-title elementor-size-default\">C\u00e9ges rendezv\u00e9nyek<\/h2>\t\t\t\t<\/div>\n\t\t\t\t<div class=\"elementor-element elementor-element-4a19ee9 elementor-widget elementor-widget-text-editor\" data-id=\"4a19ee9\" data-element_type=\"widget\" data-e-type=\"widget\" data-widget_type=\"text-editor.default\">\n\t\t\t\t\t\t\t\t\t<p>Legyen sz\u00f3 konferenci\u00e1r\u00f3l, csapat\u00e9p\u00edt\u00e9sr\u0151l vagy g\u00e1lavacsor\u00e1r\u00f3l, professzion\u00e1lis m\u00f3don tervezz\u00fck meg \u00e9s bonyol\u00edtjuk le a c\u00e9ges esem\u00e9nyeket. Seg\u00edt\u00fcnk a helysz\u00edn, a programok \u00e9s az \u00e9tkez\u00e9s koordin\u00e1l\u00e1s\u00e1ban, biztos\u00edtjuk a technikai h\u00e1tteret (hang, f\u00e9ny, vet\u00edt\u00e9s), \u00e9s gondoskodunk r\u00f3la, hogy minden r\u00e9szlet g\u00f6rd\u00fcl\u00e9kenyen m\u0171k\u00f6dj\u00f6n. C\u00e9lunk, hogy az esem\u00e9ny ne csak szervezetten menjen, hanem maradand\u00f3 \u00e9lm\u00e9nyt ny\u00fajtson a r\u00e9sztvev\u0151knek.<\/p>\t\t\t\t\t\t\t\t<\/div>\n\t\t\t\t<\/div>\n\t\t\t\t<\/div>\n\t\t<div class=\"elementor-element elementor-element-86266d0 e-con-full e-flex e-con e-parent\" data-id=\"86266d0\" data-element_type=\"container\" data-e-type=\"container\">\n\t\t<div class=\"elementor-element elementor-element-dcb92a1 e-con-full e-flex e-con e-child\" data-id=\"dcb92a1\" data-element_type=\"container\" data-e-type=\"container\">\n\t\t\t\t<div class=\"elementor-element elementor-element-796f0af elementor-widget elementor-widget-heading\" data-id=\"796f0af\" data-element_type=\"widget\" data-e-type=\"widget\" data-widget_type=\"heading.default\">\n\t\t\t\t\t<h2 class=\"elementor-heading-title elementor-size-default\">Sz\u00fclet\u00e9snapok \u00e9s priv\u00e1t esem\u00e9nyek<\/h2>\t\t\t\t<\/div>\n\t\t\t\t<div class=\"elementor-element elementor-element-c9fd216 elementor-widget elementor-widget-text-editor\" data-id=\"c9fd216\" data-element_type=\"widget\" data-e-type=\"widget\" data-widget_type=\"text-editor.default\">\n\t\t\t\t\t\t\t\t\t<p>Minden sz\u00fclet\u00e9snap \u00e9s priv\u00e1t \u00fcnnepl\u00e9s lehet igaz\u00e1n k\u00fcl\u00f6nleges, ha a r\u00e9szletek szem\u00e9lyre szabottak. Tematiz\u00e1lt partykat, izgalmas programokat, kreat\u00edv dekor\u00e1ci\u00f3t \u00e9s sz\u00f3rakoztat\u00f3 anim\u00e1ci\u00f3kat k\u00edn\u00e1lunk minden koroszt\u00e1lynak. Ak\u00e1r csal\u00e1di k\u00f6rben, ak\u00e1r bar\u00e1ti t\u00e1rsas\u00e1ggal \u00fcnnepelsz, gondoskodunk r\u00f3la, hogy a vend\u00e9gek j\u00f3l \u00e9rezz\u00e9k magukat, \u00e9s az esem\u00e9ny minden pillanata \u00f6r\u00f6k eml\u00e9k maradjon.<\/p>\t\t\t\t\t\t\t\t<\/div>\n\t\t\t\t<div class=\"elementor-element elementor-element-8f88ea7 elementor-widget elementor-widget-heading\" data-id=\"8f88ea7\" data-element_type=\"widget\" data-e-type=\"widget\" data-widget_type=\"heading.default\">\n\t\t\t\t\t<h2 class=\"elementor-heading-title elementor-size-default\">Tematikus esem\u00e9nyek<\/h2>\t\t\t\t<\/div>\n\t\t\t\t<div class=\"elementor-element elementor-element-de66830 elementor-widget elementor-widget-text-editor\" data-id=\"de66830\" data-element_type=\"widget\" data-e-type=\"widget\" data-widget_type=\"text-editor.default\">\n\t\t\t\t\t\t\t\t\t<p>Szeretn\u00e9l egyedi, eml\u00e9kezetes alkalmakat szervezni, amelyek kiemelkednek a megszokott programok k\u00f6z\u00fcl? \u00c9vfordul\u00f3k, \u00fcnnepi partik, kultur\u00e1lis esem\u00e9nyek vagy k\u00fcl\u00f6nleges tematikus rendezv\u00e9nyek szervez\u00e9s\u00e9ben is seg\u00edt\u00fcnk. Minden r\u00e9szletet \u2013 a dekor\u00e1ci\u00f3t\u00f3l a programokon \u00e1t az \u00e9tkez\u00e9sig \u2013 a koncepci\u00f3hoz igaz\u00edtunk, \u00edgy az esem\u00e9ny val\u00f3ban egyediv\u00e9 \u00e9s k\u00fcl\u00f6nlegess\u00e9 v\u00e1lik.<\/p>\t\t\t\t\t\t\t\t<\/div>\n\t\t\t\t<\/div>\n\t\t<div class=\"elementor-element elementor-element-f47ee1c e-con-full e-flex e-con e-child\" data-id=\"f47ee1c\" data-element_type=\"container\" data-e-type=\"container\" data-settings=\"{&quot;background_background&quot;:&quot;classic&quot;}\">\n\t\t\t\t<\/div>\n\t\t\t\t<\/div>\n\t\t<div class=\"elementor-element elementor-element-7fc1f12 e-con-full e-flex e-con e-parent\" data-id=\"7fc1f12\" data-element_type=\"container\" data-e-type=\"container\" data-settings=\"{&quot;background_background&quot;:&quot;classic&quot;}\">\n\t\t<div class=\"elementor-element elementor-element-fbd08ec e-con-full e-flex e-con e-child\" data-id=\"fbd08ec\" data-element_type=\"container\" data-e-type=\"container\">\n\t\t\t\t<div class=\"elementor-element elementor-element-60d4c82 elementor-widget elementor-widget-heading\" data-id=\"60d4c82\" data-element_type=\"widget\" data-e-type=\"widget\" data-widget_type=\"heading.default\">\n\t\t\t\t\t<h2 class=\"elementor-heading-title elementor-size-default\">K\u00e9szen \u00e1llsz a felejthetetlen rendezv\u00e9nyedre? <\/h2>\t\t\t\t<\/div>\n\t\t\t\t<div class=\"elementor-element elementor-element-31c4764 elementor-widget elementor-widget-heading\" data-id=\"31c4764\" data-element_type=\"widget\" data-e-type=\"widget\" data-widget_type=\"heading.default\">\n\t\t\t\t\t<h2 class=\"elementor-heading-title elementor-size-default\">Vedd fel vel\u00fcnk a kapcsolatot, \u00e9s kezdj\u00fck el megtervezni a Te pillanatodat!<\/h2>\t\t\t\t<\/div>\n\t\t\t\t<\/div>\n\t\t<div class=\"elementor-element elementor-element-41aa8e8 e-con-full e-flex e-con e-child\" data-id=\"41aa8e8\" data-element_type=\"container\" data-e-type=\"container\">\n\t\t\t\t<div class=\"elementor-element elementor-element-e0c7826 elementor-view-default elementor-position-block-start elementor-mobile-position-block-start elementor-widget elementor-widget-icon-box\" data-id=\"e0c7826\" data-element_type=\"widget\" data-e-type=\"widget\" data-widget_type=\"icon-box.default\">\n\t\t\t\t\t\t\t<div class=\"elementor-icon-box-wrapper\">\n\n\t\t\t\t\t\t<div class=\"elementor-icon-box-icon\">\n\t\t\t\t<a href=\"tel:+36302663300\" class=\"elementor-icon\" tabindex=\"-1\" aria-label=\"H\u00edvj minket!\">\n\t\t\t\t<svg aria-hidden=\"true\" class=\"e-font-icon-svg e-fas-phone-alt\" viewbox=\"0 0 512 512\" xmlns=\"http:\/\/www.w3.org\/2000\/svg\"><path d=\"M497.39 361.8l-112-48a24 24 0 0 0-28 6.9l-49.6 60.6A370.66 370.66 0 0 1 130.6 204.11l60.6-49.6a23.94 23.94 0 0 0 6.9-28l-48-112A24.16 24.16 0 0 0 122.6.61l-104 24A24 24 0 0 0 0 48c0 256.5 207.9 464 464 464a24 24 0 0 0 23.4-18.6l24-104a24.29 24.29 0 0 0-14.01-27.6z\"><\/path><\/svg>\t\t\t\t<\/a>\n\t\t\t<\/div>\n\t\t\t\n\t\t\t\t\t\t<div class=\"elementor-icon-box-content\">\n\n\t\t\t\t\t\t\t\t\t<h3 class=\"elementor-icon-box-title\">\n\t\t\t\t\t\t<a href=\"tel:+36302663300\" >\n\t\t\t\t\t\t\tH\u00edvj minket!\t\t\t\t\t\t<\/a>\n\t\t\t\t\t<\/h3>\n\t\t\t\t\n\t\t\t\t\t\t\t\t\t<p class=\"elementor-icon-box-description\">\n\t\t\t\t\t\tL\u00e9pj vel\u00fcnk kapcsolatba telefonon \u2013 sz\u00edvesen seg\u00edt\u00fcnk minden k\u00e9rd\u00e9sben.\t\t\t\t\t<\/p>\n\t\t\t\t\n\t\t\t<\/div>\n\t\t\t\n\t\t<\/div>\n\t\t\t\t\t\t<\/div>\n\t\t\t\t<div class=\"elementor-element elementor-element-cdd37ed elementor-widget elementor-widget-spacer\" data-id=\"cdd37ed\" data-element_type=\"widget\" data-e-type=\"widget\" data-widget_type=\"spacer.default\">\n\t\t\t\t\t\t\t<div class=\"elementor-spacer\">\n\t\t\t<div class=\"elementor-spacer-inner\"><\/div>\n\t\t<\/div>\n\t\t\t\t\t\t<\/div>\n\t\t\t\t<div class=\"elementor-element elementor-element-714eaa5 elementor-view-default elementor-position-block-start elementor-mobile-position-block-start elementor-widget elementor-widget-icon-box\" data-id=\"714eaa5\" data-element_type=\"widget\" data-e-type=\"widget\" data-widget_type=\"icon-box.default\">\n\t\t\t\t\t\t\t<div class=\"elementor-icon-box-wrapper\">\n\n\t\t\t\t\t\t<div class=\"elementor-icon-box-icon\">\n\t\t\t\t<a href=\"mailto:floevebudapest@gmail.com\" class=\"elementor-icon\" tabindex=\"-1\" aria-label=\"\u00cdrj nek\u00fcnk e-mailt!\">\n\t\t\t\t<svg aria-hidden=\"true\" class=\"e-font-icon-svg e-fas-envelope\" viewbox=\"0 0 512 512\" xmlns=\"http:\/\/www.w3.org\/2000\/svg\"><path d=\"M502.3 190.8c3.9-3.1 9.7-.2 9.7 4.7V400c0 26.5-21.5 48-48 48H48c-26.5 0-48-21.5-48-48V195.6c0-5 5.7-7.8 9.7-4.7 22.4 17.4 52.1 39.5 154.1 113.6 21.1 15.4 56.7 47.8 92.2 47.6 35.7.3 72-32.8 92.3-47.6 102-74.1 131.6-96.3 154-113.7zM256 320c23.2.4 56.6-29.2 73.4-41.4 132.7-96.3 142.8-104.7 173.4-128.7 5.8-4.5 9.2-11.5 9.2-18.9v-19c0-26.5-21.5-48-48-48H48C21.5 64 0 85.5 0 112v19c0 7.4 3.4 14.3 9.2 18.9 30.6 23.9 40.7 32.4 173.4 128.7 16.8 12.2 50.2 41.8 73.4 41.4z\"><\/path><\/svg>\t\t\t\t<\/a>\n\t\t\t<\/div>\n\t\t\t\n\t\t\t\t\t\t<div class=\"elementor-icon-box-content\">\n\n\t\t\t\t\t\t\t\t\t<h3 class=\"elementor-icon-box-title\">\n\t\t\t\t\t\t<a href=\"mailto:floevebudapest@gmail.com\" >\n\t\t\t\t\t\t\t\u00cdrj nek\u00fcnk e-mailt!\t\t\t\t\t\t<\/a>\n\t\t\t\t\t<\/h3>\n\t\t\t\t\n\t\t\t\t\t\t\t\t\t<p class=\"elementor-icon-box-description\">\n\t\t\t\t\t\tK\u00fcldd el az elk\u00e9pzel\u00e9sed \u00e9s mi a lehet\u0151 leghamarabb v\u00e1laszolunk.\t\t\t\t\t<\/p>\n\t\t\t\t\n\t\t\t<\/div>\n\t\t\t\n\t\t<\/div>\n\t\t\t\t\t\t<\/div>\n\t\t\t\t<\/div>\n\t\t\t\t<\/div>\n\t\t\t\t<\/div>","protected":false},"excerpt":{"rendered":"<p>Magas sz\u00ednvonal\u00fa rendezv\u00e9nyszervez\u00e9s Teljes k\u00f6r\u0171 szervez\u00e9s a helysz\u00ednt\u0151l a programig Kreat\u00edv \u00e9s egyedi koncepci\u00f3k Stresszmentes, profi lebonyol\u00edt\u00e1s Rugalmass\u00e1g \u00e9s szem\u00e9lyre [&hellip;]<\/p>","protected":false},"author":1,"featured_media":0,"parent":0,"menu_order":0,"comment_status":"closed","ping_status":"closed","template":"","meta":{"site-sidebar-layout":"no-sidebar","site-content-layout":"","ast-site-content-layout":"full-width-container","site-content-style":"default","site-sidebar-style":"default","ast-global-header-display":"","ast-banner-title-visibility":"","ast-main-header-display":"","ast-hfb-above-header-display":"","ast-hfb-below-header-display":"","ast-hfb-mobile-header-display":"","site-post-title":"disabled","ast-breadcrumbs-content":"","ast-featured-img":"disabled","footer-sml-layout":"","theme-transparent-header-meta":"","adv-header-id-meta":"","stick-header-meta":"","header-above-stick-meta":"","header-main-stick-meta":"","header-below-stick-meta":"","astra-migrate-meta-layouts":"default","ast-page-background-enabled":"default","ast-page-background-meta":{"desktop":{"background-color":"var(--ast-global-color-5)","background-image":"","background-repeat":"repeat","background-position":"center center","background-size":"auto","background-attachment":"scroll","background-type":"","background-media":"","overlay-type":"","overlay-color":"","overlay-opacity":"","overlay-gradient":""},"tablet":{"background-color":"","background-image":"","background-repeat":"repeat","background-position":"center center","background-size":"auto","background-attachment":"scroll","background-type":"","background-media":"","overlay-type":"","overlay-color":"","overlay-opacity":"","overlay-gradient":""},"mobile":{"background-color":"","background-image":"","background-repeat":"repeat","background-position":"center center","background-size":"auto","background-attachment":"scroll","background-type":"","background-media":"","overlay-type":"","overlay-color":"","overlay-opacity":"","overlay-gradient":""}},"ast-content-background-meta":{"desktop":{"background-color":"var(--ast-global-color-4)","background-image":"","background-repeat":"repeat","background-position":"center center","background-size":"auto","background-attachment":"scroll","background-type":"","background-media":"","overlay-type":"","overlay-color":"","overlay-opacity":"","overlay-gradient":""},"tablet":{"background-color":"var(--ast-global-color-4)","background-image":"","background-repeat":"repeat","background-position":"center center","background-size":"auto","background-attachment":"scroll","background-type":"","background-media":"","overlay-type":"","overlay-color":"","overlay-opacity":"","overlay-gradient":""},"mobile":{"background-color":"var(--ast-global-color-4)","background-image":"","background-repeat":"repeat","background-position":"center center","background-size":"auto","background-attachment":"scroll","background-type":"","background-media":"","overlay-type":"","overlay-color":"","overlay-opacity":"","overlay-gradient":""}},"footnotes":""},"class_list":["post-3182","page","type-page","status-publish","hentry"],"_links":{"self":[{"href":"https:\/\/flowercornerbudapest.com\/en\/wp-json\/wp\/v2\/pages\/3182","targetHints":{"allow":["GET"]}}],"collection":[{"href":"https:\/\/flowercornerbudapest.com\/en\/wp-json\/wp\/v2\/pages"}],"about":[{"href":"https:\/\/flowercornerbudapest.com\/en\/wp-json\/wp\/v2\/types\/page"}],"author":[{"embeddable":true,"href":"https:\/\/flowercornerbudapest.com\/en\/wp-json\/wp\/v2\/users\/1"}],"replies":[{"embeddable":true,"href":"https:\/\/flowercornerbudapest.com\/en\/wp-json\/wp\/v2\/comments?post=3182"}],"version-history":[{"count":0,"href":"https:\/\/flowercornerbudapest.com\/en\/wp-json\/wp\/v2\/pages\/3182\/revisions"}],"wp:attachment":[{"href":"https:\/\/flowercornerbudapest.com\/en\/wp-json\/wp\/v2\/media?parent=3182"}],"curies":[{"name":"wp","href":"https:\/\/api.w.org\/{rel}","templated":true}]}}