{"id":467,"date":"2025-11-03T14:15:35","date_gmt":"2025-11-03T14:15:35","guid":{"rendered":"https:\/\/flowercornerbudapest.com\/?page_id=467"},"modified":"2025-11-28T12:57:42","modified_gmt":"2025-11-28T12:57:42","slug":"fizetesi-tajekoztato","status":"publish","type":"page","link":"https:\/\/flowercornerbudapest.com\/en\/fizetesi-tajekoztato\/","title":{"rendered":"Payment information"},"content":{"rendered":"<div data-elementor-type=\"wp-page\" data-elementor-id=\"467\" class=\"elementor elementor-467\" data-elementor-post-type=\"page\">\n\t\t\t\t<div class=\"elementor-element elementor-element-444a65fb e-con-full e-flex e-con e-parent\" data-id=\"444a65fb\" data-element_type=\"container\" data-e-type=\"container\" data-settings=\"{&quot;background_background&quot;:&quot;classic&quot;}\">\n\t\t<div class=\"elementor-element elementor-element-82376fd e-con-full e-flex e-con e-child\" data-id=\"82376fd\" data-element_type=\"container\" data-e-type=\"container\">\n\t\t\t\t<div class=\"elementor-element elementor-element-55b641d8 elementor-widget elementor-widget-heading\" data-id=\"55b641d8\" data-element_type=\"widget\" data-e-type=\"widget\" data-widget_type=\"heading.default\">\n\t\t\t\t\t<h2 class=\"elementor-heading-title elementor-size-default\">Payment information<\/h2>\t\t\t\t<\/div>\n\t\t\t\t<div class=\"elementor-element elementor-element-2097d7fd elementor-widget elementor-widget-heading\" data-id=\"2097d7fd\" data-element_type=\"widget\" data-e-type=\"widget\" data-widget_type=\"heading.default\">\n\t\t\t\t\t<h2 class=\"elementor-heading-title elementor-size-default\">Please read this privacy statement carefully before using our services!<\/h2>\t\t\t\t<\/div>\n\t\t\t\t<div class=\"elementor-element elementor-element-28ce140c elementor-widget elementor-widget-heading\" data-id=\"28ce140c\" data-element_type=\"widget\" data-e-type=\"widget\" data-widget_type=\"heading.default\">\n\t\t\t\t\t<h2 class=\"elementor-heading-title elementor-size-default\">Last update: 25.11.2025.<\/h2>\t\t\t\t<\/div>\n\t\t\t\t<div class=\"elementor-element elementor-element-1e7b2a94 elementor-widget elementor-widget-text-editor\" data-id=\"1e7b2a94\" data-element_type=\"widget\" data-e-type=\"widget\" data-widget_type=\"text-editor.default\">\n\t\t\t\t\t\t\t\t\t<p class=\"p1\"><b>1. Payment by credit card<\/b><\/p><p class=\"p2\"><b>1.1 <\/b>In our webshop, you can pay online by credit card through our secure, encrypted payment system. We accept the following credit cards:<\/p><ul class=\"ul1\"><li class=\"li2\">Visa<\/li><li class=\"li2\">Mastercard<\/li><li class=\"li2\">Maestro<\/li><\/ul><p class=\"p2\"><b>1.2 <\/b>In case of personal receipt (at our headquarters), payment by credit card is also possible with the following cards:<\/p><ul class=\"ul1\"><li class=\"li2\">Visa<\/li><li class=\"li2\">Mastercard<\/li><li class=\"li2\">American Express<\/li><li class=\"li2\">Revolut<\/li><\/ul><p class=\"p4\"><b>Important:<\/b> Under no circumstances will the Operator have access to the Customer's credit card data during the payment by credit card.<\/p><p class=\"p1\"><b>2. Advance payment<\/b><\/p><p class=\"p2\">If you wish to pay by prepayment, you can use one of the following details:<\/p><ul class=\"ul1\"><li class=\"li2\">Bank name: Raiffeisen Bank Zrt.<\/li><li class=\"li2\">Account holder: Iglo Corner Kft.<\/li><li class=\"li2\">Sz\u00e1mlasz\u00e1m: 12012008-02071692-00100006<\/li><li class=\"li2\">IBAN: HU98 1201 2008 0207 1692 0010 0006<\/li><li class=\"li2\">Note: Please indicate the order number or your full name in case of a telephone call.<\/li><\/ul><p class=\"p4\">or<\/p><ul class=\"ul1\"><li class=\"li2\">Bank account issuer: Revolut Bank UAB<\/li><li class=\"li2\">Account holder: Iglo Corner Kft.<\/li><li class=\"li2\">IBAN: LT343250016688715306<\/li><li class=\"li2\">SWIFT: REVOLT21<\/li><li class=\"li2\">Communication: full name of the customer and\/or order number<\/li><\/ul><p class=\"p4\"><b>Comment:<\/b> Bank transfers usually take 1-3 working days to process. The order processing and delivery date will only be agreed once the funds have been received in our bank account.<\/p><p class=\"p1\"><b>3. Cash payment<\/b><\/p><p class=\"p2\">Cash payment is possible in the following cases:<\/p><ul class=\"ul1\"><li class=\"li2\">Personal collection at the company's head office<\/li><li class=\"li4\">For home delivery by our company<\/li><\/ul><p class=\"p4\">Please have the exact amount ready to facilitate the receipt.<\/p><p class=\"p1\"><b>4. Delivery to a parcel point or a parcel machine<\/b><\/p><p class=\"p4\">If the Customer cancels the order <b>to a parcel counter or a parcel machine<\/b>, the delivery charge <b>is determined individually<\/b> based on the selected address.<br \/>The exact amount can be seen on the map of the webshop during the ordering process.<\/p><p class=\"p6\"><b>5. Delivery prices for home delivery by an external courier company:<\/b><\/p><p class=\"p2\"><b>FoxPost home delivery by size:<\/b><\/p><ul class=\"ul1\"><li class=\"li2\">XS: 4,5 \u00d7 36 \u00d7 53 cm, 8,5 \u00d7 19 \u00d7 61 cm, 5 \u00d7 33 \u00d7 53 cm, 10,5 \u00d7 14,5 \u00d7 61 cm - <b>2 599 Ft<\/b><\/li><li class=\"li2\">S: 11,5 \u00d7 36 \u00d7 61 cm - <b>2 599 Ft<\/b><\/li><li class=\"li2\">M: 19,5 \u00d7 36 \u00d7 61 cm - <b>3 399 Ft<\/b><\/li><li class=\"li2\">L: 37,5 \u00d7 36 \u00d7 61 cm - <b>4 799 Ft<\/b><\/li><li class=\"li2\">XL: 60 \u00d7 36 \u00d7 61 cm - <b>4 899 Ft<\/b><\/li><\/ul><p class=\"p2\"><b>GLS door to door delivery by size:<\/b><\/p><ul class=\"ul1\"><li class=\"li2\">XS (max. 35 cm) - <b>2 590 Ft<\/b><\/li><li class=\"li2\">S (max. 50 cm) - <b>3 290 Ft<\/b><\/li><li class=\"li2\">M (max. 65 cm) - <b>3 790 Ft<\/b><\/li><li class=\"li2\">L (max. 80 cm) - <b>4 490 Ft<\/b><\/li><li class=\"li2\">XL (max. 3 m circumference) - <b>4 990 Ft<\/b><\/li><\/ul><p class=\"p4\"><b>Comment:<\/b> In the case of deliveries made by our company (e.g. live flower products), delivery is always agreed by phone or e-mail.<\/p><p class=\"p1\"><b>4. Payment on delivery<\/b><\/p><p class=\"p4\">Payment on delivery only <b>in the case of personal delivery at the company's head office<\/b> is possible, in which case the cash on delivery charge <b>free of charge<\/b>.<\/p><p class=\"p1\"><b>5. Payment terms<\/b><\/p><ul class=\"ul1\"><li class=\"li2\">The processing and fulfilment of orders will only begin after receipt of the purchase price (except for personal delivery!)<\/li><li class=\"li2\">The prices indicated in the webshop are gross prices and include VAT as required by law. Our company is not a VAT-registered company, so the VAT cannot be reclaimed by the Buyer.<\/li><li class=\"li2\">The Customer is obliged to verify the information provided during payment. The Operator shall not be liable for delays or incorrect performance resulting from incorrect data.<\/li><\/ul><p class=\"p1\"><b>6. Contact us<\/b><\/p><p class=\"p2\">For questions or problems with payment, please contact us using one of the contact details below:<\/p><ul class=\"ul1\"><li class=\"li2\"><b>E-mail:<\/b> flowercornerbp@gmail.com<\/li><li class=\"li2\"><b>Telephone:<\/b> +36 30 266 3300<\/li><li class=\"li2\"><b>Working days:<\/b> between 09:00-19:00<\/li><\/ul><p class=\"p7\"><i>Budapest, 25.11.2025.<br \/><\/i><i>Iglo Corner Ltd.<br \/><\/i><i>Data Controller<span class=\"Apple-converted-space\">\u00a0<\/span><\/i><\/p>\t\t\t\t\t\t\t\t<\/div>\n\t\t\t\t<\/div>\n\t\t\t\t<\/div>\n\t\t\t\t<\/div>","protected":false},"excerpt":{"rendered":"<p>Fizet\u00e9si t\u00e1j\u00e9koztat\u00f3 K\u00e9rj\u00fck, olvassa el figyelmesen ezt az adatv\u00e9delmi nyilatkozatot, miel\u0151tt ig\u00e9nybe veszi szolg\u00e1ltat\u00e1sainkat! Utols\u00f3 friss\u00edt\u00e9s: 2025.11.25. 1. Bankk\u00e1rty\u00e1s fizet\u00e9s [&hellip;]<\/p>","protected":false},"author":1,"featured_media":0,"parent":0,"menu_order":0,"comment_status":"closed","ping_status":"closed","template":"","meta":{"site-sidebar-layout":"no-sidebar","site-content-layout":"","ast-site-content-layout":"full-width-container","site-content-style":"default","site-sidebar-style":"default","ast-global-header-display":"","ast-banner-title-visibility":"","ast-main-header-display":"","ast-hfb-above-header-display":"","ast-hfb-below-header-display":"","ast-hfb-mobile-header-display":"","site-post-title":"disabled","ast-breadcrumbs-content":"","ast-featured-img":"disabled","footer-sml-layout":"","theme-transparent-header-meta":"","adv-header-id-meta":"","stick-header-meta":"","header-above-stick-meta":"","header-main-stick-meta":"","header-below-stick-meta":"","astra-migrate-meta-layouts":"default","ast-page-background-enabled":"default","ast-page-background-meta":{"desktop":{"background-color":"var(--ast-global-color-5)","background-image":"","background-repeat":"repeat","background-position":"center center","background-size":"auto","background-attachment":"scroll","background-type":"","background-media":"","overlay-type":"","overlay-color":"","overlay-opacity":"","overlay-gradient":""},"tablet":{"background-color":"","background-image":"","background-repeat":"repeat","background-position":"center center","background-size":"auto","background-attachment":"scroll","background-type":"","background-media":"","overlay-type":"","overlay-color":"","overlay-opacity":"","overlay-gradient":""},"mobile":{"background-color":"","background-image":"","background-repeat":"repeat","background-position":"center center","background-size":"auto","background-attachment":"scroll","background-type":"","background-media":"","overlay-type":"","overlay-color":"","overlay-opacity":"","overlay-gradient":""}},"ast-content-background-meta":{"desktop":{"background-color":"var(--ast-global-color-4)","background-image":"","background-repeat":"repeat","background-position":"center center","background-size":"auto","background-attachment":"scroll","background-type":"","background-media":"","overlay-type":"","overlay-color":"","overlay-opacity":"","overlay-gradient":""},"tablet":{"background-color":"var(--ast-global-color-4)","background-image":"","background-repeat":"repeat","background-position":"center center","background-size":"auto","background-attachment":"scroll","background-type":"","background-media":"","overlay-type":"","overlay-color":"","overlay-opacity":"","overlay-gradient":""},"mobile":{"background-color":"var(--ast-global-color-4)","background-image":"","background-repeat":"repeat","background-position":"center center","background-size":"auto","background-attachment":"scroll","background-type":"","background-media":"","overlay-type":"","overlay-color":"","overlay-opacity":"","overlay-gradient":""}},"footnotes":""},"class_list":["post-467","page","type-page","status-publish","hentry"],"_links":{"self":[{"href":"https:\/\/flowercornerbudapest.com\/en\/wp-json\/wp\/v2\/pages\/467","targetHints":{"allow":["GET"]}}],"collection":[{"href":"https:\/\/flowercornerbudapest.com\/en\/wp-json\/wp\/v2\/pages"}],"about":[{"href":"https:\/\/flowercornerbudapest.com\/en\/wp-json\/wp\/v2\/types\/page"}],"author":[{"embeddable":true,"href":"https:\/\/flowercornerbudapest.com\/en\/wp-json\/wp\/v2\/users\/1"}],"replies":[{"embeddable":true,"href":"https:\/\/flowercornerbudapest.com\/en\/wp-json\/wp\/v2\/comments?post=467"}],"version-history":[{"count":0,"href":"https:\/\/flowercornerbudapest.com\/en\/wp-json\/wp\/v2\/pages\/467\/revisions"}],"wp:attachment":[{"href":"https:\/\/flowercornerbudapest.com\/en\/wp-json\/wp\/v2\/media?parent=467"}],"curies":[{"name":"wp","href":"https:\/\/api.w.org\/{rel}","templated":true}]}}