{"id":471,"date":"2025-11-03T14:16:22","date_gmt":"2025-11-03T14:16:22","guid":{"rendered":"https:\/\/flowercornerbudapest.com\/?page_id=471"},"modified":"2025-11-28T13:10:35","modified_gmt":"2025-11-28T13:10:35","slug":"szallitasi-feltetelek","status":"publish","type":"page","link":"https:\/\/flowercornerbudapest.com\/en\/szallitasi-feltetelek\/","title":{"rendered":"Delivery conditions"},"content":{"rendered":"<div data-elementor-type=\"wp-page\" data-elementor-id=\"471\" class=\"elementor elementor-471\" data-elementor-post-type=\"page\">\n\t\t\t\t<div class=\"elementor-element elementor-element-7400a2fe e-con-full e-flex e-con e-parent\" data-id=\"7400a2fe\" data-element_type=\"container\" data-e-type=\"container\" data-settings=\"{&quot;background_background&quot;:&quot;classic&quot;}\">\n\t\t<div class=\"elementor-element elementor-element-61e71fd8 e-con-full e-flex e-con e-child\" data-id=\"61e71fd8\" data-element_type=\"container\" data-e-type=\"container\">\n\t\t\t\t<div class=\"elementor-element elementor-element-253ca58e elementor-widget elementor-widget-heading\" data-id=\"253ca58e\" data-element_type=\"widget\" data-e-type=\"widget\" data-widget_type=\"heading.default\">\n\t\t\t\t\t<h2 class=\"elementor-heading-title elementor-size-default\">Delivery conditions<\/h2>\t\t\t\t<\/div>\n\t\t\t\t<div class=\"elementor-element elementor-element-1fcd09e3 elementor-widget elementor-widget-heading\" data-id=\"1fcd09e3\" data-element_type=\"widget\" data-e-type=\"widget\" data-widget_type=\"heading.default\">\n\t\t\t\t\t<h2 class=\"elementor-heading-title elementor-size-default\">Please read this privacy statement carefully before using our services!<\/h2>\t\t\t\t<\/div>\n\t\t\t\t<div class=\"elementor-element elementor-element-55ecb5dd elementor-widget elementor-widget-heading\" data-id=\"55ecb5dd\" data-element_type=\"widget\" data-e-type=\"widget\" data-widget_type=\"heading.default\">\n\t\t\t\t\t<h2 class=\"elementor-heading-title elementor-size-default\">Last update: 25.11.2025.<\/h2>\t\t\t\t<\/div>\n\t\t\t\t<div class=\"elementor-element elementor-element-197145eb elementor-widget elementor-widget-text-editor\" data-id=\"197145eb\" data-element_type=\"widget\" data-e-type=\"widget\" data-widget_type=\"text-editor.default\">\n\t\t\t\t\t\t\t\t\t<p class=\"p1\"><b>1. Delivery by an external courier<\/b><\/p><p class=\"p2\"><b>Parcel point \/ parcel machine:<\/b><\/p><ul class=\"ul1\"><li class=\"li3\">Prices are shown on the map after entering the address and are determined individually.<\/li><\/ul><p class=\"p4\"><b>FoxPost home delivery by size:<\/b><\/p><ul class=\"ul1\"><li class=\"li4\">XS: 4,5 \u00d7 36 \u00d7 53 cm, 8,5 \u00d7 19 \u00d7 61 cm, 5 \u00d7 33 \u00d7 53 cm, 10,5 \u00d7 14,5 \u00d7 61 cm - 2 599 Ft<\/li><li class=\"li4\">S: 11,5 \u00d7 36 \u00d7 61 cm - 2 599 Ft<\/li><li class=\"li4\">M: 19,5 \u00d7 36 \u00d7 61 cm - 3 399 Ft<\/li><li class=\"li4\">L: 37,5 \u00d7 36 \u00d7 61 cm - 4 799 Ft<\/li><li class=\"li4\">XL: 60 \u00d7 36 \u00d7 61 cm - 4 899 Ft<\/li><\/ul><p class=\"p4\"><b>GLS door to door delivery by size:<\/b><\/p><ul class=\"ul1\"><li class=\"li4\">XS (max. 35 cm) - 2 590 Ft<\/li><li class=\"li4\">S (max. 50 cm) - 3 290 Ft<\/li><li class=\"li4\">M (max. 65 cm) - 3 790 Ft<\/li><li class=\"li4\">L (max. 80 cm) - 4 490 Ft<\/li><li class=\"li4\">XL (max. 3 m circumference) - 4 990 Ft<\/li><\/ul><p class=\"p1\"><b>2. Home delivery by our company<\/b><\/p><p class=\"p4\"><b>Delivery charges by Budapest districts and agglomeration:<\/b><\/p><ul class=\"ul1\"><li class=\"li4\"><b>XX, IX, XXI, XIX, XXIII:<\/b> 1 990 Ft<\/li><li class=\"li4\"><b>X., XVII., XVI.:<\/b> 2 590 Ft<\/li><li class=\"li4\"><b>Other districts of Budapest (VIII, VII, VI, V, XIII, XIV, XV, IV, III, II, I, XII, XI, XXII):<\/b> 3 990 Ft<\/li><li class=\"li4\"><b>Agglomeration:<\/b> Gy\u00e1l, Als\u00f3n\u00e9medi, \u00d3csa, Fels\u0151pakony, In\u00e1rcs, Vecs\u00e9s, \u00dcll\u0151, Ecser, Magl\u00f3d, Gy\u00f6mr\u0151, Dunaharaszti, Szigetszentmikl\u00f3s, Hal\u00e1sztelek, Szigethalom, Taksony, Dunavars\u00e1ny, Majosh\u00e1za, \u00c9rd, T\u00f6k\u00f6l - 7 990 Ft<\/li><\/ul><p class=\"p3\"><b>For same-day orders and immediate delivery<\/b> + HUF 3 500 will be added to the fee indicated above.<\/p><p class=\"p3\"><b>Comment:<\/b> delivery to addresses outside the above areas is not possible by our company; in such cases, delivery will be made by post or external courier.<\/p><p class=\"p1\"><b>3. Order tracking<\/b><\/p><p class=\"p4\">After you place your order, we will send you a tracking number notification so you can track your parcel.<\/p><p class=\"p1\"><b>4. Problems with transport<\/b><\/p><p class=\"p4\">If you have any problems with the delivery, please contact us by e-mail or phone.<\/p><p class=\"p1\"><b>5. Error in the order<\/b><\/p><p class=\"p4\"><b>5.1<\/b> If the product you receive does not match the order, please notify us immediately.<\/p><p class=\"p4\"><b>5.2 <\/b>Keep the product and packaging to solve the problem as soon as possible.<\/p><p class=\"p1\"><b>6. Personal receipt<\/b><\/p><p class=\"p4\"><b>6.1<\/b> You can pick up the products at the company's headquarters (1201 Budapest, V\u00e1g\u00f3h\u00edd utca 71.) at a pre-arranged time.<\/p><p class=\"p4\"><b>6.2<\/b> If possible, please select this option when placing your order - in this case the pickup will be <b>free<\/b>.<\/p><p class=\"p3\"><b>For short notice orders, please contact us on +36 30 266 3300.<\/b><\/p><p class=\"p29\"><i>Budapest, 25.11.2025.<br \/><\/i><i>Iglo Corner Ltd.<br \/><\/i><i style=\"font-weight: inherit;\">Data Controller<span class=\"Apple-converted-space\">\u00a0<\/span><\/i><\/p>\t\t\t\t\t\t\t\t<\/div>\n\t\t\t\t<\/div>\n\t\t\t\t<\/div>\n\t\t\t\t<\/div>","protected":false},"excerpt":{"rendered":"<p>Sz\u00e1ll\u00edt\u00e1si felt\u00e9telek K\u00e9rj\u00fck, olvassa el figyelmesen ezt az adatv\u00e9delmi nyilatkozatot, miel\u0151tt ig\u00e9nybe veszi szolg\u00e1ltat\u00e1sainkat! Utols\u00f3 friss\u00edt\u00e9s: 2025.11.25. 1. K\u00fcls\u0151 fut\u00e1rc\u00e9g [&hellip;]<\/p>","protected":false},"author":1,"featured_media":0,"parent":0,"menu_order":0,"comment_status":"closed","ping_status":"closed","template":"","meta":{"site-sidebar-layout":"no-sidebar","site-content-layout":"","ast-site-content-layout":"full-width-container","site-content-style":"default","site-sidebar-style":"default","ast-global-header-display":"","ast-banner-title-visibility":"","ast-main-header-display":"","ast-hfb-above-header-display":"","ast-hfb-below-header-display":"","ast-hfb-mobile-header-display":"","site-post-title":"disabled","ast-breadcrumbs-content":"","ast-featured-img":"disabled","footer-sml-layout":"","theme-transparent-header-meta":"","adv-header-id-meta":"","stick-header-meta":"","header-above-stick-meta":"","header-main-stick-meta":"","header-below-stick-meta":"","astra-migrate-meta-layouts":"default","ast-page-background-enabled":"default","ast-page-background-meta":{"desktop":{"background-color":"var(--ast-global-color-5)","background-image":"","background-repeat":"repeat","background-position":"center center","background-size":"auto","background-attachment":"scroll","background-type":"","background-media":"","overlay-type":"","overlay-color":"","overlay-opacity":"","overlay-gradient":""},"tablet":{"background-color":"","background-image":"","background-repeat":"repeat","background-position":"center center","background-size":"auto","background-attachment":"scroll","background-type":"","background-media":"","overlay-type":"","overlay-color":"","overlay-opacity":"","overlay-gradient":""},"mobile":{"background-color":"","background-image":"","background-repeat":"repeat","background-position":"center center","background-size":"auto","background-attachment":"scroll","background-type":"","background-media":"","overlay-type":"","overlay-color":"","overlay-opacity":"","overlay-gradient":""}},"ast-content-background-meta":{"desktop":{"background-color":"var(--ast-global-color-4)","background-image":"","background-repeat":"repeat","background-position":"center center","background-size":"auto","background-attachment":"scroll","background-type":"","background-media":"","overlay-type":"","overlay-color":"","overlay-opacity":"","overlay-gradient":""},"tablet":{"background-color":"var(--ast-global-color-4)","background-image":"","background-repeat":"repeat","background-position":"center center","background-size":"auto","background-attachment":"scroll","background-type":"","background-media":"","overlay-type":"","overlay-color":"","overlay-opacity":"","overlay-gradient":""},"mobile":{"background-color":"var(--ast-global-color-4)","background-image":"","background-repeat":"repeat","background-position":"center center","background-size":"auto","background-attachment":"scroll","background-type":"","background-media":"","overlay-type":"","overlay-color":"","overlay-opacity":"","overlay-gradient":""}},"footnotes":""},"class_list":["post-471","page","type-page","status-publish","hentry"],"_links":{"self":[{"href":"https:\/\/flowercornerbudapest.com\/en\/wp-json\/wp\/v2\/pages\/471","targetHints":{"allow":["GET"]}}],"collection":[{"href":"https:\/\/flowercornerbudapest.com\/en\/wp-json\/wp\/v2\/pages"}],"about":[{"href":"https:\/\/flowercornerbudapest.com\/en\/wp-json\/wp\/v2\/types\/page"}],"author":[{"embeddable":true,"href":"https:\/\/flowercornerbudapest.com\/en\/wp-json\/wp\/v2\/users\/1"}],"replies":[{"embeddable":true,"href":"https:\/\/flowercornerbudapest.com\/en\/wp-json\/wp\/v2\/comments?post=471"}],"version-history":[{"count":0,"href":"https:\/\/flowercornerbudapest.com\/en\/wp-json\/wp\/v2\/pages\/471\/revisions"}],"wp:attachment":[{"href":"https:\/\/flowercornerbudapest.com\/en\/wp-json\/wp\/v2\/media?parent=471"}],"curies":[{"name":"wp","href":"https:\/\/api.w.org\/{rel}","templated":true}]}}